{"id":13,"date":"2023-11-25T14:06:15","date_gmt":"2023-11-25T14:06:15","guid":{"rendered":"http:\/\/www.blackbase.pl\/?page_id=13"},"modified":"2024-01-10T08:40:57","modified_gmt":"2024-01-10T08:40:57","slug":"strona-glowna","status":"publish","type":"page","link":"https:\/\/www.blackbase.pl\/","title":{"rendered":"Strona g\u0142\u00f3wna"},"content":{"rendered":"\t\t<div data-elementor-type=\"wp-page\" data-elementor-id=\"13\" class=\"elementor elementor-13\">\n\t\t\t\t<div class=\"elementor-element elementor-element-2935b843 e-flex e-con-boxed e-con e-parent\" data-id=\"2935b843\" data-element_type=\"container\" data-e-type=\"container\">\n\t\t\t\t\t<div class=\"e-con-inner\">\n\t\t\t\t<div class=\"elementor-element elementor-element-b761e02 elementor-widget elementor-widget-text-editor\" data-id=\"b761e02\" data-element_type=\"widget\" data-e-type=\"widget\" data-widget_type=\"text-editor.default\">\n\t\t\t\t\t\t\t\t\t\n<p class=\"has-text-align-left\">Nasz\u0105 misj\u0105 jest walka o przysz\u0142o\u015b\u0107 Ziemi. Codziennie budz\u0105c si\u0119 pragniemy zapewni\u0107 u\u015bmiech i bezpiecze\u0144stwo naszym dzieciom nast\u0119pnym pokoleniom. To one b\u0119d\u0105 dziedziczy\u0107 nasza spu\u015bcizn\u0119. Tylko od nas zale\u017cy jak\u0105 przysz\u0142o\u015b\u0107 im zapewnimy. Dlatego pragniemy zmieni\u0107 \u015bwiat na ekologiczny i przyjazny a wszystko to za pomoc\u0105 odnawialnych \u017ar\u00f3de\u0142 energii.<\/p>\n\t\t\t\t\t\t\t\t<\/div>\n\t\t\t\t\t<\/div>\n\t\t\t\t<\/div>\n\t\t\t\t<\/div>\n\t\t","protected":false},"excerpt":{"rendered":"<p>Nasz\u0105 misj\u0105 jest walka o przysz\u0142o\u015b\u0107 Ziemi. Codziennie budz\u0105c si\u0119 pragniemy zapewni\u0107 u\u015bmiech i bezpiecze\u0144stwo naszym dzieciom nast\u0119pnym pokoleniom. To one b\u0119d\u0105 dziedziczy\u0107 nasza spu\u015bcizn\u0119. Tylko od nas zale\u017cy jak\u0105 przysz\u0142o\u015b\u0107 im zapewnimy. Dlatego pragniemy zmieni\u0107 \u015bwiat na ekologiczny i przyjazny a wszystko to za pomoc\u0105 odnawialnych \u017ar\u00f3de\u0142 energii.<\/p>\n","protected":false},"author":1,"featured_media":0,"parent":0,"menu_order":0,"comment_status":"closed","ping_status":"closed","template":"","meta":{"footnotes":""},"class_list":["post-13","page","type-page","status-publish","hentry"],"_links":{"self":[{"href":"https:\/\/www.blackbase.pl\/index.php\/wp-json\/wp\/v2\/pages\/13","targetHints":{"allow":["GET"]}}],"collection":[{"href":"https:\/\/www.blackbase.pl\/index.php\/wp-json\/wp\/v2\/pages"}],"about":[{"href":"https:\/\/www.blackbase.pl\/index.php\/wp-json\/wp\/v2\/types\/page"}],"author":[{"embeddable":true,"href":"https:\/\/www.blackbase.pl\/index.php\/wp-json\/wp\/v2\/users\/1"}],"replies":[{"embeddable":true,"href":"https:\/\/www.blackbase.pl\/index.php\/wp-json\/wp\/v2\/comments?post=13"}],"version-history":[{"count":5,"href":"https:\/\/www.blackbase.pl\/index.php\/wp-json\/wp\/v2\/pages\/13\/revisions"}],"predecessor-version":[{"id":73,"href":"https:\/\/www.blackbase.pl\/index.php\/wp-json\/wp\/v2\/pages\/13\/revisions\/73"}],"wp:attachment":[{"href":"https:\/\/www.blackbase.pl\/index.php\/wp-json\/wp\/v2\/media?parent=13"}],"curies":[{"name":"wp","href":"https:\/\/api.w.org\/{rel}","templated":true}]}}