{"id":14,"date":"2023-11-25T14:06:15","date_gmt":"2023-11-25T14:06:15","guid":{"rendered":"http:\/\/www.blackbase.pl\/?page_id=14"},"modified":"2023-11-25T21:53:25","modified_gmt":"2023-11-25T21:53:25","slug":"informacje","status":"publish","type":"page","link":"https:\/\/www.blackbase.pl\/index.php\/informacje\/","title":{"rendered":"Informacje"},"content":{"rendered":"\n<p>Od wiek\u00f3w s\u0142o\u0144ce i wiatr towarzysz\u0105 ludzko\u015bci pomagaj\u0105c w codziennych zmaganiach. Od niedawna s\u0105 naszymi najwi\u0119kszymi dobrami w tworzeniu czystej energi.<\/p>\n","protected":false},"excerpt":{"rendered":"<p>Od wiek\u00f3w s\u0142o\u0144ce i wiatr towarzysz\u0105 ludzko\u015bci pomagaj\u0105c w codziennych zmaganiach. Od niedawna s\u0105 naszymi najwi\u0119kszymi dobrami w tworzeniu czystej energi.<\/p>\n","protected":false},"author":1,"featured_media":51,"parent":0,"menu_order":0,"comment_status":"closed","ping_status":"closed","template":"","meta":{"footnotes":""},"class_list":["post-14","page","type-page","status-publish","has-post-thumbnail","hentry"],"_links":{"self":[{"href":"https:\/\/www.blackbase.pl\/index.php\/wp-json\/wp\/v2\/pages\/14","targetHints":{"allow":["GET"]}}],"collection":[{"href":"https:\/\/www.blackbase.pl\/index.php\/wp-json\/wp\/v2\/pages"}],"about":[{"href":"https:\/\/www.blackbase.pl\/index.php\/wp-json\/wp\/v2\/types\/page"}],"author":[{"embeddable":true,"href":"https:\/\/www.blackbase.pl\/index.php\/wp-json\/wp\/v2\/users\/1"}],"replies":[{"embeddable":true,"href":"https:\/\/www.blackbase.pl\/index.php\/wp-json\/wp\/v2\/comments?post=14"}],"version-history":[{"count":2,"href":"https:\/\/www.blackbase.pl\/index.php\/wp-json\/wp\/v2\/pages\/14\/revisions"}],"predecessor-version":[{"id":52,"href":"https:\/\/www.blackbase.pl\/index.php\/wp-json\/wp\/v2\/pages\/14\/revisions\/52"}],"wp:featuredmedia":[{"embeddable":true,"href":"https:\/\/www.blackbase.pl\/index.php\/wp-json\/wp\/v2\/media\/51"}],"wp:attachment":[{"href":"https:\/\/www.blackbase.pl\/index.php\/wp-json\/wp\/v2\/media?parent=14"}],"curies":[{"name":"wp","href":"https:\/\/api.w.org\/{rel}","templated":true}]}}